{"id":330,"date":"2016-02-29T13:10:37","date_gmt":"2016-02-29T13:10:37","guid":{"rendered":"http:\/\/test.kriesi.at\/travel\/?page_id=2"},"modified":"2026-04-08T17:43:40","modified_gmt":"2026-04-08T15:43:40","slug":"welcome","status":"publish","type":"page","link":"https:\/\/seqse.net\/","title":{"rendered":"Inicio"},"content":{"rendered":"<div id='full_slider_1'  class='avia-fullwidth-slider main_color avia-shadow   avia-builder-el-0  el_before_av_layout_row  avia-builder-el-first   container_wrap fullsize'  >\n<style type=\"text\/css\" data-created_by=\"avia_inline_auto\" id=\"style-css-av-9h5enm-fb05ac540ac6a31f79771518c537b5f4\">\n#top #wrap_all .avia-slideshow .av-slideshow-caption.av-9h5enm-fb05ac540ac6a31f79771518c537b5f4__0 .avia-caption-title{\nfont-size:70px;\n}\n#top .avia-slideshow .av-slideshow-caption.av-9h5enm-fb05ac540ac6a31f79771518c537b5f4__0 .avia-caption-content{\nfont-size:38px;\n}\n#top .avia-slideshow .av-slideshow-caption.av-9h5enm-fb05ac540ac6a31f79771518c537b5f4__0 .avia-caption-content p{\nfont-size:38px;\n}\n<\/style>\n<div  class='avia-slideshow av-9h5enm-fb05ac540ac6a31f79771518c537b5f4 avia-slideshow-no scaling av_slideshow_full avia-slide_up-slider av-slideshow-ui av-control-minimal av-slideshow-manual av-loop-once av-loop-manual-endless av-default-height-applied  image_no_stretch avia-slideshow-1' data-slideshow-options=\"{&quot;animation&quot;:&quot;slide_up&quot;,&quot;autoplay&quot;:false,&quot;loop_autoplay&quot;:&quot;once&quot;,&quot;interval&quot;:6,&quot;loop_manual&quot;:&quot;manual-endless&quot;,&quot;autoplay_stopper&quot;:false,&quot;noNavigation&quot;:false,&quot;bg_slider&quot;:false,&quot;keep_padding&quot;:false,&quot;hoverpause&quot;:false,&quot;show_slide_delay&quot;:0}\"  itemprop=\"image\" itemscope=\"itemscope\" itemtype=\"https:\/\/schema.org\/ImageObject\" ><ul class='avia-slideshow-inner ' style='padding-bottom: 48%;'><li  class='avia-slideshow-slide av-9h5enm-fb05ac540ac6a31f79771518c537b5f4__0  av-single-slide slide-1 slide-odd'><div data-rel='slideshow-1' class='avia-slide-wrap '   ><div class='av-slideshow-caption av-9h5enm-fb05ac540ac6a31f79771518c537b5f4__0 caption_fullwidth caption_center'><div class=\"container caption_container\"><div class=\"slideshow_caption\"><div class=\"slideshow_inner_caption\"><div class=\"slideshow_align_caption\"><h2 class='avia-caption-title '  itemprop=\"name\" >Aula de idiomas & <br \/>Refuerzo Escolar<\/h2><div class='avia-caption-content '  itemprop=\"description\" ><p>Catal\u00e1n &#8211; Castellano &#8211; Ingl\u00e9s &#8211; Alem\u00e1n<\/p>\n<\/div><a href='https:\/\/seqse.net\/ca\/contactar\/'  class='avia-slideshow-button avia-button avia-color-light avia-multi-slideshow-button' data-duration='800' data-easing='easeInOutQuad'>Inf\u00f3rmate ahora <i class=\"fa-solid fa-circle-info\"><\/i><\/a><a href='#av-layout-grid-1'  class='avia-slideshow-button avia-button avia-color-theme-color-subtle avia-multi-slideshow-button avia-slideshow-button-2' data-duration='800' data-easing='easeInOutQuad'><i class=\"leermas\"><\/i>Seguir Leyendo<\/a><\/div><\/div><\/div><\/div><\/div><img decoding=\"async\" class=\"wp-image-1047 avia-img-lazy-loading-not-1047\"  src=\"https:\/\/seqse.net\/wp-content\/uploads\/2022\/10\/Home.jpg\" width=\"1500\" height=\"720\" title='Home' alt=''  itemprop=\"thumbnailUrl\" srcset=\"https:\/\/seqse.net\/wp-content\/uploads\/2022\/10\/Home.jpg 1500w, https:\/\/seqse.net\/wp-content\/uploads\/2022\/10\/Home-300x144.jpg 300w, https:\/\/seqse.net\/wp-content\/uploads\/2022\/10\/Home-1030x494.jpg 1030w, https:\/\/seqse.net\/wp-content\/uploads\/2022\/10\/Home-768x369.jpg 768w, https:\/\/seqse.net\/wp-content\/uploads\/2022\/10\/Home-705x338.jpg 705w\" sizes=\"(max-width: 1500px) 100vw, 1500px\" \/><\/div><\/li><\/ul><\/div><\/div>\n<div id='av-layout-grid-1'  class='av-layout-grid-container av-8oe4le-d5b59ad8e95371a2b91cc4b77af989ad entry-content-wrapper main_color av-flex-cells  avia-builder-el-1  el_after_av_slideshow_full  el_before_av_section  grid-row-not-first  container_wrap fullsize'  >\n\n<style type=\"text\/css\" data-created_by=\"avia_inline_auto\" id=\"style-css-av-8juyd6-da069a910ce9db4b1fbcee23f54a6cef\">\n.flex_cell.av-8juyd6-da069a910ce9db4b1fbcee23f54a6cef{\nvertical-align:top;\npadding:90px 50px 90px 50px;\nbackground-color:#00a0e4;\n}\n<\/style>\n<div class='flex_cell av-8juyd6-da069a910ce9db4b1fbcee23f54a6cef av-gridrow-cell av_one_third no_margin  avia-builder-el-2  el_before_av_cell_one_third  avia-builder-el-first  avia-full-stretch' ><div class='flex_cell_inner'>\n<style type=\"text\/css\" data-created_by=\"avia_inline_auto\" id=\"style-css-av-8eqhxm-5aa1cf58a33055b6fa061886ccb72454\">\n.iconbox.av-8eqhxm-5aa1cf58a33055b6fa061886ccb72454 .iconbox_icon{\nborder:1px solid #ffffff;\ncolor:#ffffff;\n}\n#top #wrap_all .iconbox.av-8eqhxm-5aa1cf58a33055b6fa061886ccb72454 .iconbox_content_title{\ncolor:#ffffff;\n}\n.iconbox.av-8eqhxm-5aa1cf58a33055b6fa061886ccb72454 .iconbox_content_container{\ncolor:#ffffff;\n}\n<\/style>\n<article  class='iconbox iconbox_left_content av-8eqhxm-5aa1cf58a33055b6fa061886ccb72454  avia-builder-el-3  avia-builder-el-no-sibling '  itemscope=\"itemscope\" itemtype=\"https:\/\/schema.org\/CreativeWork\" ><div class=\"iconbox_icon heading-color\" aria-hidden='true' data-av_icon='\ue8c9' data-av_iconfont='entypo-fontello'><\/div><div class=\"iconbox_content\"><header class=\"entry-content-header\"><h3 class='iconbox_content_title '  itemprop=\"headline\" >Para todas las edades<\/h3><\/header><div class='iconbox_content_container av_inherit_color'  itemprop=\"text\" ><p><strong>Idiomas<\/strong> y refuerzo escolar para ni\u00f1os, j\u00f3venes y adultos<\/p>\n<\/div><\/div><footer class=\"entry-footer\"><\/footer><\/article>\n<\/div><\/div>\n<style type=\"text\/css\" data-created_by=\"avia_inline_auto\" id=\"style-css-av-85s7b6-5faf4b831e244468a0fdeaca38643386\">\n.flex_cell.av-85s7b6-5faf4b831e244468a0fdeaca38643386{\nvertical-align:top;\npadding:90px 50px 90px 50px;\nbackground-color:#0583b9;\n}\n<\/style>\n<div class='flex_cell av-85s7b6-5faf4b831e244468a0fdeaca38643386 av-gridrow-cell av_one_third no_margin  avia-builder-el-4  el_after_av_cell_one_third  el_before_av_cell_one_third  avia-full-stretch' ><div class='flex_cell_inner'>\n<style type=\"text\/css\" data-created_by=\"avia_inline_auto\" id=\"style-css-av-7zqugq-a13fe8b23d0a26722418460e61c51a36\">\n.iconbox.av-7zqugq-a13fe8b23d0a26722418460e61c51a36 .iconbox_icon{\ncolor:#ffffff;\n}\n#top #wrap_all .iconbox.av-7zqugq-a13fe8b23d0a26722418460e61c51a36 .iconbox_content_title{\ncolor:#ffffff;\n}\n.iconbox.av-7zqugq-a13fe8b23d0a26722418460e61c51a36 .iconbox_content_container{\ncolor:#ffffff;\n}\n<\/style>\n<article  class='iconbox iconbox_left_content av-7zqugq-a13fe8b23d0a26722418460e61c51a36  avia-builder-el-5  avia-builder-el-no-sibling '  itemscope=\"itemscope\" itemtype=\"https:\/\/schema.org\/CreativeWork\" ><div class=\"iconbox_icon heading-color\" aria-hidden='true' data-av_icon='\ue8bb' data-av_iconfont='entypo-fontello'><\/div><div class=\"iconbox_content\"><header class=\"entry-content-header\"><h3 class='iconbox_content_title '  itemprop=\"headline\" >Cursos para Empresas<\/h3><\/header><div class='iconbox_content_container av_inherit_color'  itemprop=\"text\" ><p>Cursos especiales enfocados en <strong>empresas<\/strong><\/p>\n<\/div><\/div><footer class=\"entry-footer\"><\/footer><\/article>\n<\/div><\/div>\n<style type=\"text\/css\" data-created_by=\"avia_inline_auto\" id=\"style-css-av-7u2ewa-aeb5810cc2e35688c0d41cc44dd76937\">\n.flex_cell.av-7u2ewa-aeb5810cc2e35688c0d41cc44dd76937{\nvertical-align:top;\npadding:90px 50px 90px 50px;\nbackground-color:#00a0e4;\n}\n<\/style>\n<div class='flex_cell av-7u2ewa-aeb5810cc2e35688c0d41cc44dd76937 av-gridrow-cell av_one_third no_margin  avia-builder-el-6  el_after_av_cell_one_third  avia-builder-el-last  avia-full-stretch' ><div class='flex_cell_inner'>\n<style type=\"text\/css\" data-created_by=\"avia_inline_auto\" id=\"style-css-av-7q8czm-776b4f08c33122a825680fad1f91d718\">\n.iconbox.av-7q8czm-776b4f08c33122a825680fad1f91d718 .iconbox_icon{\ncolor:#ffffff;\n}\n#top #wrap_all .iconbox.av-7q8czm-776b4f08c33122a825680fad1f91d718 .iconbox_content_title{\ncolor:#ffffff;\n}\n.iconbox.av-7q8czm-776b4f08c33122a825680fad1f91d718 .iconbox_content_container{\ncolor:#ffffff;\n}\n<\/style>\n<article  class='iconbox iconbox_left_content av-7q8czm-776b4f08c33122a825680fad1f91d718  avia-builder-el-7  avia-builder-el-no-sibling '  itemscope=\"itemscope\" itemtype=\"https:\/\/schema.org\/CreativeWork\" ><div class=\"iconbox_icon heading-color\" aria-hidden='true' data-av_icon='\ue85b' data-av_iconfont='entypo-fontello'><\/div><div class=\"iconbox_content\"><header class=\"entry-content-header\"><h3 class='iconbox_content_title '  itemprop=\"headline\" >Todo el a\u00f1o<\/h3><\/header><div class='iconbox_content_container av_inherit_color'  itemprop=\"text\" ><p>Cursos durante todo el ciclo lectivo e <strong>intensivos<\/strong> de <strong>verano<\/strong><\/p>\n<\/div><\/div><footer class=\"entry-footer\"><\/footer><\/article>\n<\/div><\/div>\n<\/div>\n<div id='av_section_1'  class='avia-section av-6g0s3m-8cc74f4efdbed12e7f99f214798bfcb6 header_color avia-section-huge avia-no-border-styling  avia-builder-el-8  el_after_av_layout_row  el_before_av_masonry_entries  avia-bg-style-scroll container_wrap fullsize'  ><div class='container av-section-cont-open' ><div class='template-page content  av-content-full alpha units'><div class='post-entry post-entry-type-page post-entry-330'><div class='entry-content-wrapper clearfix'>\n\n<style type=\"text\/css\" data-created_by=\"avia_inline_auto\" id=\"style-css-av-657ct6-eb3a4ae5913fa8c6ffdde5b37e32d8a8\">\n#top .av-special-heading.av-657ct6-eb3a4ae5913fa8c6ffdde5b37e32d8a8{\npadding-bottom:20px;\nfont-size:50px;\n}\nbody .av-special-heading.av-657ct6-eb3a4ae5913fa8c6ffdde5b37e32d8a8 .av-special-heading-tag .heading-char{\nfont-size:25px;\n}\n#top #wrap_all .av-special-heading.av-657ct6-eb3a4ae5913fa8c6ffdde5b37e32d8a8 .av-special-heading-tag{\nfont-size:50px;\n}\n.av-special-heading.av-657ct6-eb3a4ae5913fa8c6ffdde5b37e32d8a8 .av-subheading{\nfont-size:15px;\n}\n\n@media only screen and (min-width: 480px) and (max-width: 767px){ \n#top #wrap_all .av-special-heading.av-657ct6-eb3a4ae5913fa8c6ffdde5b37e32d8a8 .av-special-heading-tag{\nfont-size:0.8em;\n}\n}\n\n@media only screen and (max-width: 479px){ \n#top #wrap_all .av-special-heading.av-657ct6-eb3a4ae5913fa8c6ffdde5b37e32d8a8 .av-special-heading-tag{\nfont-size:0.8em;\n}\n}\n<\/style>\n<div  class='av-special-heading av-657ct6-eb3a4ae5913fa8c6ffdde5b37e32d8a8 av-special-heading-h1 blockquote modern-quote modern-centered  avia-builder-el-9  el_before_av_three_fifth  avia-builder-el-first  av-thin-font av-inherit-size'><h1 class='av-special-heading-tag'  itemprop=\"headline\"  >Tu <strong>Academia de idiomas<\/strong><\/h1><div class=\"special-heading-border\"><div class=\"special-heading-inner-border\"><\/div><\/div><\/div>\n\n<style type=\"text\/css\" data-created_by=\"avia_inline_auto\" id=\"style-css-av-nkphu-b77d9620f931da85aa55000fb93f9474\">\n.flex_column.av-nkphu-b77d9620f931da85aa55000fb93f9474{\n-webkit-border-radius:0px 0px 0px 0px;\n-moz-border-radius:0px 0px 0px 0px;\nborder-radius:0px 0px 0px 0px;\n}\n<\/style>\n<div class='flex_column av-nkphu-b77d9620f931da85aa55000fb93f9474 av_three_fifth  avia-builder-el-10  el_after_av_heading  el_before_av_one_third  first flex_column_div av-zero-column-padding '     ><section  class='av_textblock_section av-cppvm-131e01156c60dd34eb118d3b4b8f3005'  itemscope=\"itemscope\" itemtype=\"https:\/\/schema.org\/CreativeWork\" ><div class='avia_textblock'  itemprop=\"text\" ><p style=\"text-align: justify;\"><strong>S\u00e9Qs\u00e9<\/strong>, &#8220;Aula d&#8217;Idiomes i Refor\u00e7 Escolar&#8221;, es una <strong>academia<\/strong> privada ubicada en <strong>El Morell<\/strong> (<strong>Tarragona<\/strong>), donde se ofrecen cursos de idiomas y refuerzo escolar para ni\u00f1os, j\u00f3venes, adultos y empresas durante todo el curso lectivo y cursos intensivos durante los meses de verano.<\/p>\n<div style=\"clear: both;\">\n<p style=\"text-align: left;\"><img loading=\"lazy\" decoding=\"async\" class=\"wp-image-1839 size-full aligncenter\" style=\"display: block; margin: 0 0 50px;\" src=\"https:\/\/seqse.net\/wp-content\/uploads\/2024\/10\/titulaciones-oficiales.gif\" alt=\"\" width=\"617\" height=\"88\" \/><\/p>\n<\/div>\n<p style=\"text-align: justify; clear: both;\">Por lo que respecta a los idiomas, el centro imparte cursos de <strong>catal\u00e1n<\/strong>, <strong>castellano<\/strong>, <strong>ingl\u00e9s<\/strong> y <strong>alem\u00e1n<\/strong>; ofreciendo la posibilidad de prepararse para la obtenci\u00f3n de las <strong>titulaciones oficiales<\/strong>.<\/p>\n<\/div><\/section><br \/>\n<div  class='avia-button-wrap av-85er6-3ca2552987b890e194a0993004ea8016-wrap avia-button-left  avia-builder-el-12  el_after_av_textblock  avia-builder-el-last ' ><a href='https:\/\/seqse.net\/ca\/servicios\/'  class='avia-button av-85er6-3ca2552987b890e194a0993004ea8016 avia-icon_select-yes-right-icon avia-size-large avia-position-left avia-color-theme-color' ><span class='avia_iconbox_title' >M\u00e1s informaci\u00f3n<\/span><span class='avia_button_icon avia_button_icon_right' aria-hidden='true' data-av_icon='\ue81f' data-av_iconfont='entypo-fontello'><\/span><\/a><\/div><\/p><\/div>\n<style type=\"text\/css\" data-created_by=\"avia_inline_auto\" id=\"style-css-av-5hnu0a-d3b0c7d5c0dc6ae8faf480e1b7aa8a68\">\n.flex_column.av-5hnu0a-d3b0c7d5c0dc6ae8faf480e1b7aa8a68{\n-webkit-border-radius:0px 0px 0px 0px;\n-moz-border-radius:0px 0px 0px 0px;\nborder-radius:0px 0px 0px 0px;\n}\n<\/style>\n<div class='flex_column av-5hnu0a-d3b0c7d5c0dc6ae8faf480e1b7aa8a68 av_one_third  avia-builder-el-13  el_after_av_three_fifth  avia-builder-el-last  flex_column_div av-zero-column-padding '     id=\"fotoshome\"  ><section  class='av_textblock_section av-la9rjfqo-102ae34780958b5538a7ad968441f4a1'  itemscope=\"itemscope\" itemtype=\"https:\/\/schema.org\/CreativeWork\" ><div class='avia_textblock'  itemprop=\"text\" ><p><img loading=\"lazy\" decoding=\"async\" class=\"aligncenter wp-image-1071 size-full\" src=\"https:\/\/seqse.net\/wp-content\/uploads\/2025\/02\/IMG_7084-scaled.jpeg\" alt=\"\" width=\"248\" height=\"110\" \/> <img loading=\"lazy\" decoding=\"async\" class=\"wp-image-1072 size-full aligncenter\" src=\"https:\/\/seqse.net\/wp-content\/uploads\/2022\/11\/home1.jpg\" alt=\"\" width=\"248\" height=\"173\" \/><\/p>\n<\/div><\/section><\/div>\n<style type=\"text\/css\" data-created_by=\"avia_inline_auto\" id=\"style-css-av-5d6iwq-110fa35c65dbde0dab8000bc154e7ec6\">\n#top .av-masonry.av-5d6iwq-110fa35c65dbde0dab8000bc154e7ec6{\nbackground-color:#ffffff;\n}\n<\/style>\n<div id='av-masonry-1' class='av-masonry av-5d6iwq-110fa35c65dbde0dab8000bc154e7ec6 noHover av-fixed-size av-1px-gap av-hover-overlay-active av-masonry-animation-active av-masonry-col-3 av-caption-on-hover-hide av-caption-style-overlay av-masonry-entries av-medium-columns-overwrite av-medium-columns-3 av-small-columns-overwrite av-small-columns-1 av-mini-columns-overwrite av-mini-columns-1 '><div class=\"av-masonry-container isotope av-js-disabled\"><div class='av-masonry-entry isotope-item av-masonry-item-no-image '><\/div><a href=\"https:\/\/seqse.net\/ca\/cursos\/en-el-extranjero\/\"  id='av-masonry-1-item-962' data-av-masonry-item='962' class='av-masonry-entry isotope-item post-962 portfolio type-portfolio status-publish has-post-thumbnail hentry portfolio_entries-cursos  av-masonry-item-with-image' title=\"extranjero\"   itemscope=\"itemscope\" itemtype=\"https:\/\/schema.org\/CreativeWork\" ><div class='av-inner-masonry-sizer'><\/div><figure class='av-inner-masonry main_color'><div class=\"av-masonry-outerimage-container\"><div class='av-masonry-image-container' style=\"background-image: url(https:\/\/seqse.net\/wp-content\/uploads\/2022\/08\/extranjero-705x705.jpg);\"  title=\"extranjero\"  ><\/div><\/div><figcaption class='av-inner-masonry-content site-background'><div class='av-inner-masonry-content-pos'><div class='av-inner-masonry-content-pos-content'><div class='avia-arrow'><\/div><h3 class='av-masonry-entry-title entry-title '  itemprop=\"headline\" >En el Extranjero<\/h3><\/div><\/div><\/figcaption><\/figure><\/a><!--end av-masonry entry--><a href=\"https:\/\/seqse.net\/ca\/cursos\/idiomas\/\"  id='av-masonry-1-item-952' data-av-masonry-item='952' class='av-masonry-entry isotope-item post-952 portfolio type-portfolio status-publish has-post-thumbnail hentry portfolio_entries-cursos  av-masonry-item-with-image' title=\"Idiomas\"   itemscope=\"itemscope\" itemtype=\"https:\/\/schema.org\/CreativeWork\" ><div class='av-inner-masonry-sizer'><\/div><figure class='av-inner-masonry main_color'><div class=\"av-masonry-outerimage-container\"><div class='av-masonry-image-container' style=\"background-image: url(https:\/\/seqse.net\/wp-content\/uploads\/2022\/08\/Idiomas-705x705.jpg);\"  title=\"Idiomas\"  ><\/div><\/div><figcaption class='av-inner-masonry-content site-background'><div class='av-inner-masonry-content-pos'><div class='av-inner-masonry-content-pos-content'><div class='avia-arrow'><\/div><h3 class='av-masonry-entry-title entry-title '  itemprop=\"headline\" >Idiomas<\/h3><\/div><\/div><\/figcaption><\/figure><\/a><!--end av-masonry entry--><a href=\"https:\/\/seqse.net\/ca\/cursos\/refuerzo-escolar\/\"  id='av-masonry-1-item-959' data-av-masonry-item='959' class='av-masonry-entry isotope-item post-959 portfolio type-portfolio status-publish has-post-thumbnail hentry portfolio_entries-cursos  av-masonry-item-with-image' title=\"refuerzo-escolar\"   itemscope=\"itemscope\" itemtype=\"https:\/\/schema.org\/CreativeWork\" ><div class='av-inner-masonry-sizer'><\/div><figure class='av-inner-masonry main_color'><div class=\"av-masonry-outerimage-container\"><div class='av-masonry-image-container' style=\"background-image: url(https:\/\/seqse.net\/wp-content\/uploads\/2022\/08\/refuerzo-escolar-705x705.jpg);\"  title=\"refuerzo-escolar\"  ><\/div><\/div><figcaption class='av-inner-masonry-content site-background'><div class='av-inner-masonry-content-pos'><div class='av-inner-masonry-content-pos-content'><div class='avia-arrow'><\/div><h3 class='av-masonry-entry-title entry-title '  itemprop=\"headline\" >Refuerzo Escolar<\/h3><\/div><\/div><\/figcaption><\/figure><\/a><!--end av-masonry entry--><\/div><\/div><\/p>\n","protected":false},"excerpt":{"rendered":"","protected":false},"author":1,"featured_media":0,"parent":0,"menu_order":0,"comment_status":"closed","ping_status":"open","template":"","meta":{"footnotes":""},"class_list":["post-330","page","type-page","status-publish","hentry"],"translation":{"provider":"WPGlobus","version":"2.12.2","language":"ca","enabled_languages":["es","ca"],"languages":{"es":{"title":true,"content":true,"excerpt":false},"ca":{"title":false,"content":false,"excerpt":false}}},"_links":{"self":[{"href":"https:\/\/seqse.net\/ca\/wp-json\/wp\/v2\/pages\/330","targetHints":{"allow":["GET"]}}],"collection":[{"href":"https:\/\/seqse.net\/ca\/wp-json\/wp\/v2\/pages"}],"about":[{"href":"https:\/\/seqse.net\/ca\/wp-json\/wp\/v2\/types\/page"}],"author":[{"embeddable":true,"href":"https:\/\/seqse.net\/ca\/wp-json\/wp\/v2\/users\/1"}],"replies":[{"embeddable":true,"href":"https:\/\/seqse.net\/ca\/wp-json\/wp\/v2\/comments?post=330"}],"version-history":[{"count":64,"href":"https:\/\/seqse.net\/ca\/wp-json\/wp\/v2\/pages\/330\/revisions"}],"predecessor-version":[{"id":1916,"href":"https:\/\/seqse.net\/ca\/wp-json\/wp\/v2\/pages\/330\/revisions\/1916"}],"wp:attachment":[{"href":"https:\/\/seqse.net\/ca\/wp-json\/wp\/v2\/media?parent=330"}],"curies":[{"name":"wp","href":"https:\/\/api.w.org\/{rel}","templated":true}]}}