{"id":1239,"date":"2022-11-17T16:58:09","date_gmt":"2022-11-17T14:58:09","guid":{"rendered":"https:\/\/seqse.net\/?page_id=1239"},"modified":"2022-11-18T12:19:22","modified_gmt":"2022-11-18T10:19:22","slug":"avis-legal","status":"publish","type":"page","link":"https:\/\/seqse.net\/ca\/ca\/avis-legal\/","title":{"rendered":"Av\u00eds Legal"},"content":{"rendered":"<div class='flex_column av-lal75s44-aede933d97d5d340ce6557d585177f31 av_one_full  avia-builder-el-0  avia-builder-el-no-sibling  legal first flex_column_div '     ><section  class='av_textblock_section av-lal75hp2-5c9fa0547c573235142aafd512e28b9d'  itemscope=\"itemscope\" itemtype=\"https:\/\/schema.org\/CreativeWork\" ><div class='avia_textblock'  itemprop=\"text\" ><h1>Av\u00eds Legal<\/h1>\n<h2>DADES IDENTIFICATIVES DEL PRESTADOR DE SERVEIS DE LA SOCIETAT DE LA INFORMACI\u00d3<\/h2>\n<p>De conformitat amb l\u2019article 10 de la <strong>Llei 34\/2002<\/strong>, de 11 de juliol, de \u201c<strong>Servicios de la Sociedad de la Informaci\u00f3n y Comercio Electr\u00f3nico (LSSI)\u201d<\/strong>, posem al seu coneixement la seg\u00fcent informaci\u00f3:<\/p>\n<p><strong>S\u00c9 Q S\u00c9 AULA D\u2019IDIOMES I REFOR\u00c7 ESCOLAR, S.L., [<\/strong>d\u2019ara endavant<strong> S\u00c9QS\u00c9 ], <\/strong>\u00e9s el titular del portal Web\u00a0 seqse.net, que actua exclusivament com a gestora dels continguts del present portal Web, domiciliada a: \u00a0AVDA. CAM\u00cd DE REUS, 2 Local 2 &#8211; 43760 EL MORELL, NIF B55671382, Inscrita al Registre Mercantil de Tarragona Tom 2916, Foli 48, Full T49167, Inscripci\u00f3 1\u00aa, \u00e9s l\u2019encarregada de la gesti\u00f3 i funcionament del lloc Web esmentat anteriorment.<br \/>\nSi vol contactar amb nosaltres, pot fer-ho a trav\u00e9s del correu electronic info@seqse.net<\/p>\n<h3><strong>INTRODUCCI\u00d3<\/strong><\/h3>\n<p>El present Av\u00eds legal regula l\u00b4\u00fas d\u2019aquesta p\u00e0gina web. L\u2019acc\u00e9s a la web \u00e9s gratu\u00eft excepte en el relatiu al cost de la connexi\u00f3 a trav\u00e9s de la xarxa de telecomunicacions subministrada pel prove\u00efdor d&#8217;acc\u00e9s contractat pels usuaris.<\/p>\n<h3><strong>ACCEPTACI\u00d3<\/strong><\/h3>\n<p>La utilitzaci\u00f3 del Lloc Web atribueix la condici\u00f3 d&#8217;Usuari, i implica l&#8217;acceptaci\u00f3 plena i sense reserves de totes i cadascuna de les disposicions incloses en aquest Av\u00eds Legal, en la versi\u00f3 publicada per <strong>S\u00c9QS\u00c9 <\/strong><strong>, <\/strong>en el mateix moment en qu\u00e8 l&#8217;Usuari accedeixi a la Web. En conseq\u00fc\u00e8ncia, l&#8217;usuari ha de llegir atentament el present Av\u00eds Legal en cadascuna de les ocasions en qu\u00e8 es proposi utilitzar la web, ja que pot sofrir modificacions.<\/p>\n<h3>I<strong>NFORMACI\u00d3 SOBRE ELS VINCLES \u201cLINKS\u201d<\/strong><\/h3>\n<p><strong>S\u00c9QS\u00c9 <\/strong>\u00a0no es fa responsable de les webs no pr\u00f2pies o de tercers, a les quals es pot accedir mitjan\u00e7ant vincles \u201clinks\u201d o de qualsevol contingut posat a disposici\u00f3 per tercers.<br \/>\nQualsevol \u00fas d&#8217;un vincle o acc\u00e9s a una Web no pr\u00f2pia \u00e9s realitzat per voluntat i risc exclusiu de l&#8217;usuari i <strong>S\u00c9QS\u00c9 <\/strong>\u00a0no recomana ni garanteix cap informaci\u00f3 obtinguda a trav\u00e9s d&#8217;un vincle ali\u00e8 a la Web de seqse.net, ni es responsabilitza de cap p\u00e8rdua, reclamaci\u00f3 o perjudici derivada de l&#8217;\u00fas o mal \u00fas d&#8217;un vincle, o de la informaci\u00f3 obtinguda a trav\u00e9s d&#8217;ell, incloent altres vincles o webs, de la interrupci\u00f3 en el servei o en l&#8217;acc\u00e9s, o de l&#8217;intent d\u2019\u00fas o mal \u00fas d\u2019un\u00a0 vincle, tant en connectar al lloc Web seqse.net com a l\u2019accedir a la informaci\u00f3 d&#8217;altres webs des del mateix lloc Web.<\/p>\n<h3>LIMITACI\u00d3 DE GARANTIES I RESPONSABILITATS<\/h3>\n<p><strong>S\u00c9QS\u00c9 <\/strong>\u00a0fa tot el possible per evitar cap error en relaci\u00f3 amb els continguts d\u2019aquesta p\u00e0gina web.<\/p>\n<p><strong>S\u00c9QS\u00c9 <\/strong>\u00a0adopta les mesures i els mecanismes necessaris per garantir la seguretat de les comunicacions i les transaccions que es produeixin mitjan\u00e7ant el portal web, segons l\u2019estat de la tecnologia i d\u2019acord amb la tipologia de les transaccions i els serveis que es posen a disposici\u00f3 dels usuaris.<\/p>\n<p><strong>S\u00c9QS\u00c9 <\/strong>\u00a0no ser\u00e0 responsable dels danys que es puguin ocasionar al sistema inform\u00e0tic dels usuaris per qualsevol causa aliena o no imputable a aquest lloc web, inclosos, sense limitacions, els danys ocasionats a causa d\u2019interfer\u00e8ncies, omissions, interrupcions, virus inform\u00e0tics, avaries telef\u00f2niques o desconnexions en el funcionament operatiu del sistema electr\u00f2nic. Aix\u00ed mateix, <strong>S\u00c9QS\u00c9 <\/strong>\u00a0tampoc respondr\u00e0 de cap interrupci\u00f3, error o fallada que es produeixi en el sistema, a causa d\u2019un mal funcionament de la xarxa o dels servidors que hi estan connectats.<\/p>\n<h3>PROPIETAT INTEL\u00b7LECTUAL I INDUSTRIAL, MARQUES REGISTRADES<\/h3>\n<p><strong>\u00a0<\/strong>L&#8217;estructura, disseny i forma de presentaci\u00f3 dels elements (gr\u00e0fics, imatges, fitxers logotips, combinacions de colors i qualsevol element susceptible de protecci\u00f3) estan protegits per drets de propietat intel\u00b7lectual, titularitat de <strong>S\u00c9QS\u00c9.<\/strong><\/p>\n<p>Estan prohibides la reproducci\u00f3, la transformaci\u00f3, distribuci\u00f3, comunicaci\u00f3 p\u00fablica, posada a la disposici\u00f3 del p\u00fablic i, en general qualsevol altra forma d&#8217;explotaci\u00f3, parcial o total dels elements referits en l&#8217;apartat anterior. Aquests actes d&#8217;explotaci\u00f3 nom\u00e9s podran ser realitzats en virtut d&#8217;autoritzaci\u00f3 expressa de <strong>S\u00c9QS\u00c9 <\/strong>\u00a0i que, en tot cas, hauran de fer refer\u00e8ncia expl\u00edcita a la titularitat dels citats drets de propietat intel\u00b7lectual de <strong>S\u00c9QS\u00c9.<\/strong><\/p>\n<p>Nom\u00e9s est\u00e0 autoritzat per a l&#8217;\u00fas privat del material documental elaborat per <strong>S\u00c9QS\u00c9. <\/strong>En cap cas, podr\u00e0 suprimir, alterar, eludir o manipular qualssevol dispositius de protecci\u00f3 o sistemes de seguretat que puguin estar instal\u00b7lats.<\/p>\n<p>Excepte autoritzaci\u00f3 expressa de <strong>S\u00c9QS\u00c9<\/strong><strong>,<\/strong> no es permet l&#8217;enlla\u00e7 a \u201cp\u00e0gines finals\u201d, el \u201cframe\u201d i qualsevol altra manipulaci\u00f3 similar. Els enlla\u00e7os han de ser sempre a la p\u00e0gina principal o \u201chome page\u201d seqse.net<\/p>\n<p>Els signes distintius (marques, noms comercials) de <strong>S\u00c9QS\u00c9,<\/strong> estan protegits per drets de propietat industrial, quedant prohibida la utilitzaci\u00f3 o manipulaci\u00f3 de qualssevol d&#8217;aquests, excepte autoritzaci\u00f3 expressa i per escrit de<strong> S\u00c9QS\u00c9 .<\/strong><\/p>\n<h3>NO COMPARTEIXI LA SEVA INFORMACI\u00d3 PERSONAL<\/h3>\n<p><strong>S\u00c9QS\u00c9<\/strong> mai li enviar\u00e0 un correu electr\u00f2nic ni li trucar\u00e0 per tel\u00e8fon per demanar-li que reveli o verifiqui la contrasenya del seu compte a <strong>S\u00c9QS\u00c9, <\/strong>ni els seus n\u00fameros de compte bancari o targeta de cr\u00e8dit, ni cap altre tipus d&#8217;informaci\u00f3 personal. En cas que alg\u00fa es posi en contacte amb vost\u00e8 o de rebre un correu electr\u00f2nic no sol\u00b7licitat que li demani alguna de les dades anteriors, no respongui i comuniqui-ho immediatament a\u00a0 <strong>S\u00c9QS\u00c9<\/strong><strong>, <\/strong>perqu\u00e8 procedeixin a la investigaci\u00f3 de l&#8217;incident.<\/p>\n<h3><strong>IDENTIFIQUI ELS CORREUS ELECTR\u00d2NICS FALSOS (intents de &#8216;spoofing&#8217; o &#8216;phishing&#8217;)<\/strong><\/h3>\n<p>Ignori tot correu electr\u00f2nic que rebi en el qual se li sol\u00b7liciti informaci\u00f3 personal o que li redirigeixi a una altra p\u00e0gina web que no sigui propietat de <strong>S\u00c9QS\u00c9<\/strong><strong>, <\/strong>o de societats del seu grup, o en el qual se li demani que pagui en un mitj\u00e0 diferent de l\u2019autoritzat per <strong>S\u00c9QS\u00c9<\/strong><strong>, <\/strong>ja que podria ser un intent de suplantaci\u00f3 de personalitat (&#8216;spoofing&#8217; o &#8216;phishing&#8217;), i haur\u00e0 de considerar-ho fraudulent.<\/p>\n<p><strong>S\u00c9QS\u00c9 <\/strong>utilitza el domini \u201cseqse.net<strong>\u201d\u00a0 <\/strong>per els seus correus electr\u00f2nics. Si vost\u00e8 rep un correu electr\u00f2nic amb un format diferent, per exemple: seqseaulaidiomesirefor\u00e7escolarsecurity@hotmail.com, pot estar segur que \u00e9s un correu fals. Alguns correus electr\u00f2nics que practiquen phishing contenen enlla\u00e7os a llocs web que utilitzen la paraula \u201c<strong>S\u00c9QS\u00c9\u201d<\/strong> a la seva URL, per\u00f2 que li dirigiran a un lloc web completament diferent. Si despla\u00e7a el ratol\u00ed per sobre de l&#8217;enlla\u00e7, podr\u00e0 veure la URL associada, que probablement tindr\u00e0 un format diferent a les enlla\u00e7ades en els llocs web aut\u00e8ntics de <strong>S\u00c9QS\u00c9.<\/strong><\/p>\n<p>Si aix\u00ed i tot vost\u00e8 fa clic en un correu electr\u00f2nic que practica phishing i \u00e9s redirigit a una p\u00e0gina que s&#8217;assembli a &#8220;Al seu Compte&#8221; o a qualsevol que li demani verificar o modificar la seva informaci\u00f3 personal, ignori-la i consideri-la com a fraudulenta.<\/p>\n<h3>COMUNIQUI ELS INTENTS DE &#8216;phishing&#8217;<\/h3>\n<p>Envi\u00ef un correu electr\u00f2nic a l&#8217;adre\u00e7a info@seqse.net i adjunti el correu electr\u00f2nic que considera fals. En adjuntar-nos aquest correu electr\u00f2nic fraudulent, ens est\u00e0 ajudant a localitzar el seu origen.<br \/>\nSi no pot adjuntar el correu electr\u00f2nic fals, reexpedeixi-ho a info@seqse.net\u00a0 i inclogui la major quantitat d&#8217;informaci\u00f3 possible sobre el mateix.<\/p>\n<\/div><\/section><\/div>\n","protected":false},"excerpt":{"rendered":"","protected":false},"author":1,"featured_media":0,"parent":0,"menu_order":0,"comment_status":"closed","ping_status":"closed","template":"","meta":{"footnotes":""},"class_list":["post-1239","page","type-page","status-publish","hentry"],"translation":{"provider":"WPGlobus","version":"2.12.2","language":"ca","enabled_languages":["es","ca"],"languages":{"es":{"title":true,"content":true,"excerpt":false},"ca":{"title":false,"content":false,"excerpt":false}}},"_links":{"self":[{"href":"https:\/\/seqse.net\/ca\/wp-json\/wp\/v2\/pages\/1239","targetHints":{"allow":["GET"]}}],"collection":[{"href":"https:\/\/seqse.net\/ca\/wp-json\/wp\/v2\/pages"}],"about":[{"href":"https:\/\/seqse.net\/ca\/wp-json\/wp\/v2\/types\/page"}],"author":[{"embeddable":true,"href":"https:\/\/seqse.net\/ca\/wp-json\/wp\/v2\/users\/1"}],"replies":[{"embeddable":true,"href":"https:\/\/seqse.net\/ca\/wp-json\/wp\/v2\/comments?post=1239"}],"version-history":[{"count":2,"href":"https:\/\/seqse.net\/ca\/wp-json\/wp\/v2\/pages\/1239\/revisions"}],"predecessor-version":[{"id":1263,"href":"https:\/\/seqse.net\/ca\/wp-json\/wp\/v2\/pages\/1239\/revisions\/1263"}],"wp:attachment":[{"href":"https:\/\/seqse.net\/ca\/wp-json\/wp\/v2\/media?parent=1239"}],"curies":[{"name":"wp","href":"https:\/\/api.w.org\/{rel}","templated":true}]}}