{"id":1216,"date":"2022-11-15T13:29:55","date_gmt":"2022-11-15T11:29:55","guid":{"rendered":"https:\/\/seqse.net\/?page_id=1216"},"modified":"2022-11-18T14:34:16","modified_gmt":"2022-11-18T12:34:16","slug":"contactar-2","status":"publish","type":"page","link":"https:\/\/seqse.net\/ca\/ca\/contactar-2\/","title":{"rendered":"Contactar"},"content":{"rendered":"<div id='av-layout-grid-1'  class='av-layout-grid-container av-ifz274-a8288ed72bfcd1f613a96cd87bd2d006 entry-content-wrapper main_color av-flex-cells  avia-builder-el-0  el_before_av_section  avia-builder-el-first   container_wrap fullsize'  >\n\n<style type=\"text\/css\" data-created_by=\"avia_inline_auto\" id=\"style-css-av-gpowls-e0f272210bde9aa1c996629fc6ed94a5\">\n.flex_cell.av-gpowls-e0f272210bde9aa1c996629fc6ed94a5{\nvertical-align:middle;\npadding:0px 0px 0px 0px;\n}\n<\/style>\n<div class='flex_cell av-gpowls-e0f272210bde9aa1c996629fc6ed94a5 av-gridrow-cell av_one_full no_margin  avia-builder-el-1  avia-builder-el-no-sibling  av-zero-padding' ><div class='flex_cell_inner'>\n<\/div><\/div>\n<\/div>\n<div id='contacto'  class='avia-section av-dp5l0w-f484de01a009170f63edea044654c2b1 main_color avia-section-large avia-no-border-styling  avia-builder-el-3  el_after_av_layout_row  avia-builder-el-last  avia-bg-style-scroll container_wrap fullsize'  ><div class='container av-section-cont-open' ><div class='template-page content  av-content-full alpha units'><div class='post-entry post-entry-type-page post-entry-1216'><div class='entry-content-wrapper clearfix'>\n\n<style type=\"text\/css\" data-created_by=\"avia_inline_auto\" id=\"style-css-av-bsasww-9eea5ff1e1d9e365aea0e132b567ac02\">\n.flex_column.av-bsasww-9eea5ff1e1d9e365aea0e132b567ac02{\n-webkit-border-radius:0px 0px 0px 0px;\n-moz-border-radius:0px 0px 0px 0px;\nborder-radius:0px 0px 0px 0px;\n}\n<\/style>\n<div class='flex_column av-bsasww-9eea5ff1e1d9e365aea0e132b567ac02 av_one_half  avia-builder-el-4  el_before_av_one_half  avia-builder-el-first  first flex_column_div av-zero-column-padding '     ><p>\n<style type=\"text\/css\" data-created_by=\"avia_inline_auto\" id=\"style-css-av-lai4u9bj-94a192ae28d24164a47591ceb4850d55\">\n#top .av-special-heading.av-lai4u9bj-94a192ae28d24164a47591ceb4850d55{\npadding-bottom:30px;\nfont-size:70px;\n}\nbody .av-special-heading.av-lai4u9bj-94a192ae28d24164a47591ceb4850d55 .av-special-heading-tag .heading-char{\nfont-size:25px;\n}\n#top #wrap_all .av-special-heading.av-lai4u9bj-94a192ae28d24164a47591ceb4850d55 .av-special-heading-tag{\nfont-size:70px;\n}\n.av-special-heading.av-lai4u9bj-94a192ae28d24164a47591ceb4850d55 .av-subheading{\nfont-size:15px;\n}\n\n@media only screen and (min-width: 480px) and (max-width: 767px){ \n#top #wrap_all .av-special-heading.av-lai4u9bj-94a192ae28d24164a47591ceb4850d55 .av-special-heading-tag{\nfont-size:0.8em;\n}\n}\n\n@media only screen and (max-width: 479px){ \n#top #wrap_all .av-special-heading.av-lai4u9bj-94a192ae28d24164a47591ceb4850d55 .av-special-heading-tag{\nfont-size:0.8em;\n}\n}\n<\/style>\n<div  class='av-special-heading av-lai4u9bj-94a192ae28d24164a47591ceb4850d55 av-special-heading-h1 blockquote modern-quote  avia-builder-el-5  el_before_av_contact  avia-builder-el-first  av-thin-font av-inherit-size'><h1 class='av-special-heading-tag'  itemprop=\"headline\"  >Contacte<strong>.<\/strong><\/h1><div class=\"special-heading-border\"><div class=\"special-heading-inner-border\"><\/div><\/div><\/div><br \/>\n<form action=\"https:\/\/seqse.net\/ca\/ca\/contactar-2\/\" method=\"post\"  class=\"avia_ajax_form av-form-labels-hidden   avia-builder-el-6  el_after_av_heading  avia-builder-el-last  av-custom-form-color av-light-form \" data-avia-form-id=\"1\" data-avia-redirect=''  id=\"formcontact\" ><fieldset><p class='  first_form  form_element form_element_half' id='element_avia_1_1'><label for=\"avia_1_1\">El teu nom i cognoms <abbr class=\"required\" title=\"required\">*<\/abbr><\/label> <input name=\"avia_1_1\" class=\"text_input is_empty\" type=\"text\" id=\"avia_1_1\" value=\"\"  placeholder='El teu nom i cognoms*'\/><\/p><p class='  form_element form_element_half' id='element_avia_2_1'><label for=\"avia_2_1\">El teu correu electr\u00f2nic <abbr class=\"required\" title=\"required\">*<\/abbr><\/label> <input name=\"avia_2_1\" class=\"text_input is_email\" type=\"text\" id=\"avia_2_1\" value=\"\"  placeholder='El teu correu electr\u00f2nic*'\/><\/p><p class='  first_form  form_element form_fullwidth' id='element_avia_3_1'><label for=\"avia_3_1\" class=\"textare_label hidden textare_label_avia_3_1\">El teu missatge, consulta o dubte <abbr class=\"required\" title=\"required\">*<\/abbr><\/label><textarea  placeholder='El teu missatge, consulta o dubte*' name=\"avia_3_1\" class=\"text_area is_empty\" cols=\"40\" rows=\"7\" id=\"avia_3_1\" ><\/textarea><\/p><p class='  first_form  form_element form_fullwidth' id='element_avia_4_1'><input  name=\"avia_4_1\" class=\"input_checkbox is_empty\" type=\"checkbox\" id=\"avia_4_1\" value=\"true\"\/><label class=\"input_checkbox_label\" for=\"avia_4_1\">He llegit i accepto la <a href=\"\/politica-de-privacitat\/\" target=\"_blank\" rel=\"noopener\">pol\u00edtica de privacitat<\/a> i <a href=\"\/avis-legal\/\" target=\"_blank\" rel=\"noopener\">l\u2019av\u00eds legal<\/a> <abbr class=\"required\" title=\"required\">*<\/abbr><\/label><\/p><div id='avia_5_1' class='av-form-text'><\/p>\n<table width=\"640\">\n<tbody>\n<tr>\n<td width=\"115\"><strong>Responsable<\/strong><\/td>\n<td width=\"525\"><strong>S\u00c9 Q S\u00c9 AULA D\u2019IDIOMES I REFOR\u00c7 ESCOLAR, S.L.<\/strong><\/td>\n<\/tr>\n<tr>\n<td width=\"115\"><strong>Finalitat<\/strong><\/td>\n<td width=\"525\">Recollida i tractament de les seves dades per atendre les seves consultes i facilitar-li informaci\u00f3 peri\u00f2dicament sobre els nostres productes i serveis que poden ser del seu inter\u00e8s i\/o prefer\u00e8ncia per mitjans electr\u00f2nics actuals o futurs, sempre que ens autoritzi al seu tractament.<\/td>\n<\/tr>\n<tr>\n<td width=\"115\"><strong>Legitimaci\u00f3<\/strong><\/p>\n<p><strong>\u00a0<\/strong><\/td>\n<td width=\"525\">Inter\u00e8s leg\u00edtim del tractament per part del responsable per mantenir la relaci\u00f3\/serveis amb clients i\/o possibles clients.<\/p>\n<p>Consentiment inequ\u00edvoc i espec\u00edfic atorgat pel propi interessat.<\/td>\n<\/tr>\n<tr>\n<td width=\"115\"><strong>Destinataris<\/strong><\/td>\n<td width=\"525\">No es cediran dades a tercers, excepte obligaci\u00f3 legal.<\/td>\n<\/tr>\n<tr>\n<td width=\"115\"><strong>Drets<\/strong><\/td>\n<td width=\"525\">Accedir, rectificar i suprimir les dades, aix\u00ed com altres drets com s\u2019explica a la Informaci\u00f3 addicional.<\/td>\n<\/tr>\n<tr>\n<td width=\"115\"><strong>Informaci\u00f3 addicional<\/strong><\/td>\n<td width=\"525\">Pot consultar la informaci\u00f3 addicional i detallada sobre protecci\u00f3 de dades a la nostra p\u00e0gina web: info@seqse.net<\/td>\n<\/tr>\n<\/tbody>\n<\/table>\n<p>\n<\/div><p class=\"hidden\"><input type=\"text\" name=\"avia_6_1\" class=\"hidden \" id=\"avia_6_1\" value=\"\" \/><\/p><p class=\"form_element \"><input type=\"hidden\" value=\"1\" name=\"avia_generated_form1\" \/><input type=\"submit\" value=\"Enviar\" class=\"button\"  data-sending-label=\"Sending\"\/><\/p><\/fieldset><\/form><div id=\"ajaxresponse_1\" class=\"ajaxresponse ajaxresponse_1 hidden\"><\/div><\/p><\/div>\n<style type=\"text\/css\" data-created_by=\"avia_inline_auto\" id=\"style-css-av-4qtae8-57966b0404358a60b10d00dba7c37e3e\">\n.flex_column.av-4qtae8-57966b0404358a60b10d00dba7c37e3e{\n-webkit-border-radius:0px 0px 0px 0px;\n-moz-border-radius:0px 0px 0px 0px;\nborder-radius:0px 0px 0px 0px;\n}\n<\/style>\n<div class='flex_column av-4qtae8-57966b0404358a60b10d00dba7c37e3e av_one_half  avia-builder-el-7  el_after_av_one_half  avia-builder-el-last  flex_column_div av-zero-column-padding '     ><section  class='av_textblock_section av-2tapsw-3b4863fcb648321d35f12629ab350996'  itemscope=\"itemscope\" itemtype=\"https:\/\/schema.org\/CreativeWork\" ><div class='avia_textblock'  itemprop=\"text\" ><h4>\u00a1Truca&#8217;ns o escriu-nos!<\/h4>\n<ul>\n<li><i class=\"fa-solid fa-location-dot\"><\/i> Avda. Cam\u00ed de Reus, Local 2. 43760, El Morell. Tarragona<\/li>\n<li><i class=\"fa-solid fa-phone\"><\/i> 977 84 13 68<\/li>\n<li><i class=\"fa-solid fa-envelope\"><\/i> <a href=\"mailto:info@seqse.net\">info@seqse.net<\/a><\/li>\n<\/ul>\n<\/div><\/section><\/div>\n","protected":false},"excerpt":{"rendered":"","protected":false},"author":1,"featured_media":0,"parent":0,"menu_order":0,"comment_status":"closed","ping_status":"closed","template":"","meta":{"footnotes":""},"class_list":["post-1216","page","type-page","status-publish","hentry"],"translation":{"provider":"WPGlobus","version":"2.12.2","language":"ca","enabled_languages":["es","ca"],"languages":{"es":{"title":true,"content":true,"excerpt":false},"ca":{"title":false,"content":false,"excerpt":false}}},"_links":{"self":[{"href":"https:\/\/seqse.net\/ca\/wp-json\/wp\/v2\/pages\/1216","targetHints":{"allow":["GET"]}}],"collection":[{"href":"https:\/\/seqse.net\/ca\/wp-json\/wp\/v2\/pages"}],"about":[{"href":"https:\/\/seqse.net\/ca\/wp-json\/wp\/v2\/types\/page"}],"author":[{"embeddable":true,"href":"https:\/\/seqse.net\/ca\/wp-json\/wp\/v2\/users\/1"}],"replies":[{"embeddable":true,"href":"https:\/\/seqse.net\/ca\/wp-json\/wp\/v2\/comments?post=1216"}],"version-history":[{"count":5,"href":"https:\/\/seqse.net\/ca\/wp-json\/wp\/v2\/pages\/1216\/revisions"}],"predecessor-version":[{"id":1280,"href":"https:\/\/seqse.net\/ca\/wp-json\/wp\/v2\/pages\/1216\/revisions\/1280"}],"wp:attachment":[{"href":"https:\/\/seqse.net\/ca\/wp-json\/wp\/v2\/media?parent=1216"}],"curies":[{"name":"wp","href":"https:\/\/api.w.org\/{rel}","templated":true}]}}