{"id":1193,"date":"2022-11-15T13:03:01","date_gmt":"2022-11-15T11:03:01","guid":{"rendered":"https:\/\/seqse.net\/?page_id=1193"},"modified":"2022-11-15T13:05:40","modified_gmt":"2022-11-15T11:05:40","slug":"serveis","status":"publish","type":"page","link":"https:\/\/seqse.net\/ca\/ca\/serveis\/","title":{"rendered":"Serveis"},"content":{"rendered":"<div id='slider'  class='avia-fullwidth-slider main_color avia-shadow   avia-builder-el-0  el_before_av_section  avia-builder-el-first   container_wrap fullsize'  ><div  class='avia-slideshow av-lai3viwg-fa3e1db29ef31a81343458d1ba8a8990 avia-slideshow-featured av_slideshow_full avia-slide-slider av-slideshow-ui av-control-default av-slideshow-manual av-loop-once av-loop-manual-endless av-default-height-applied   avia-slideshow-1' data-slideshow-options=\"{&quot;animation&quot;:&quot;slide&quot;,&quot;autoplay&quot;:false,&quot;loop_autoplay&quot;:&quot;once&quot;,&quot;interval&quot;:5,&quot;loop_manual&quot;:&quot;manual-endless&quot;,&quot;autoplay_stopper&quot;:false,&quot;noNavigation&quot;:false,&quot;bg_slider&quot;:false,&quot;keep_padding&quot;:false,&quot;hoverpause&quot;:false,&quot;show_slide_delay&quot;:0}\"  itemprop=\"image\" itemscope=\"itemscope\" itemtype=\"https:\/\/schema.org\/ImageObject\" ><ul class='avia-slideshow-inner ' style='padding-bottom: 27%;'><li  class='avia-slideshow-slide av-lai3viwg-fa3e1db29ef31a81343458d1ba8a8990__0  av-single-slide slide-1 slide-odd'><div data-rel='slideshow-1' class='avia-slide-wrap '   ><div class='av-slideshow-caption av-lai3viwg-fa3e1db29ef31a81343458d1ba8a8990__0 caption_fullwidth caption_bottom'><div class=\"container caption_container\"><div class=\"slideshow_caption\"><div class=\"slideshow_inner_caption\"><div class=\"slideshow_align_caption\"><h2 class='avia-caption-title '  itemprop=\"name\" >Serveis<\/h2><\/div><\/div><\/div><\/div><\/div><img decoding=\"async\" class=\"wp-image-1194 avia-img-lazy-loading-not-1194\"  src=\"https:\/\/seqse.net\/wp-content\/uploads\/2022\/11\/slider_servicios-1500x405-copia.jpg\" width=\"1500\" height=\"405\" title='slider_servicios-1500x405 copia' alt=''  itemprop=\"thumbnailUrl\"  style='min-height:430px; min-width:1593px; ' srcset=\"https:\/\/seqse.net\/wp-content\/uploads\/2022\/11\/slider_servicios-1500x405-copia.jpg 1500w, https:\/\/seqse.net\/wp-content\/uploads\/2022\/11\/slider_servicios-1500x405-copia-300x81.jpg 300w, https:\/\/seqse.net\/wp-content\/uploads\/2022\/11\/slider_servicios-1500x405-copia-1030x278.jpg 1030w, https:\/\/seqse.net\/wp-content\/uploads\/2022\/11\/slider_servicios-1500x405-copia-768x207.jpg 768w, https:\/\/seqse.net\/wp-content\/uploads\/2022\/11\/slider_servicios-1500x405-copia-705x190.jpg 705w\" sizes=\"(max-width: 1500px) 100vw, 1500px\" \/><\/div><\/li><\/ul><\/div><\/div>\n<div id='servicios'  class='avia-section av-sxi0vd-7499839820e671f635e3c3084dcb4b5f main_color avia-section-default avia-no-border-styling  avia-builder-el-1  el_after_av_slideshow_full  avia-builder-el-last  avia-bg-style-scroll container_wrap fullsize'  ><div class='container av-section-cont-open' ><div class='template-page content  av-content-full alpha units'><div class='post-entry post-entry-type-page post-entry-1193'><div class='entry-content-wrapper clearfix'>\n\n<style type=\"text\/css\" data-created_by=\"avia_inline_auto\" id=\"style-css-av-rc0ep5-7d802dae4f964fe7df7abc23c2176806\">\n#top .hr.hr-invisible.av-rc0ep5-7d802dae4f964fe7df7abc23c2176806{\nheight:40px;\n}\n<\/style>\n<div  class='hr av-rc0ep5-7d802dae4f964fe7df7abc23c2176806 hr-invisible  avia-builder-el-2  el_before_av_one_fifth  avia-builder-el-first '><span class='hr-inner '><span class=\"hr-inner-style\"><\/span><\/span><\/div>\n<div class='flex_column av-qge2rd-a72bca12f35a7a0fba6148fa8d781d4a av_one_fifth  avia-builder-el-3  el_after_av_hr  el_before_av_one_fifth  first flex_column_div '     ><p>\n<style type=\"text\/css\" data-created_by=\"avia_inline_auto\" id=\"style-css-av-ogv255-8b9035934c66ccd76ed50b181112fecc\">\n.avia-image-container.av-ogv255-8b9035934c66ccd76ed50b181112fecc img.avia_image{\nbox-shadow:none;\n}\n.avia-image-container.av-ogv255-8b9035934c66ccd76ed50b181112fecc .av-image-caption-overlay-center{\ncolor:#ffffff;\n}\n<\/style>\n<div  class='avia-image-container av-ogv255-8b9035934c66ccd76ed50b181112fecc av-styling- avia_animated_image av-animated-when-visible-95 bottom-to-top avia-align-center  avia-builder-el-4  el_before_av_textblock  avia-builder-el-first '   itemprop=\"image\" itemscope=\"itemscope\" itemtype=\"https:\/\/schema.org\/ImageObject\" ><div class=\"avia-image-container-inner\"><div class=\"avia-image-overlay-wrap\"><img decoding=\"async\" class='wp-image-879 avia-img-lazy-loading-not-879 avia_image ' src=\"https:\/\/seqse.net\/wp-content\/uploads\/2022\/07\/asesoramiento-pedagogico.jpg\" alt='' title='asesoramiento-pedagogico'  height=\"139\" width=\"180\"  itemprop=\"thumbnailUrl\"  \/><\/div><\/div><\/div><br \/>\n<section  class='av_textblock_section av-mwvgex-209089f594e8c74ad8bfa7e8e5890914'  itemscope=\"itemscope\" itemtype=\"https:\/\/schema.org\/CreativeWork\" ><div class='avia_textblock'  itemprop=\"text\" ><h4>ASSESSORAMENT PEDAG\u00d2GIC<\/h4>\n<p>Ofereix <strong>assessorament pedag\u00f2gic<\/strong> i <strong>orientaci\u00f3 formativa<\/strong> a tots els seus alumnes, amb la intenci\u00f3 de fomentar-ne la seva <strong>integraci\u00f3 personal, cultural i social<\/strong>.<\/p>\n<\/div><\/section><\/p><\/div><div class='flex_column av-l9ojg9-fa831ccf0248fb6bfcebf356a44583f6 av_one_fifth  avia-builder-el-6  el_after_av_one_fifth  el_before_av_one_fifth  flex_column_div '     ><p>\n<style type=\"text\/css\" data-created_by=\"avia_inline_auto\" id=\"style-css-av-iqai3d-27bf1d1590c37dca924129664bd44fda\">\n.avia-image-container.av-iqai3d-27bf1d1590c37dca924129664bd44fda img.avia_image{\nbox-shadow:none;\n}\n.avia-image-container.av-iqai3d-27bf1d1590c37dca924129664bd44fda .av-image-caption-overlay-center{\ncolor:#ffffff;\n}\n<\/style>\n<div  class='avia-image-container av-iqai3d-27bf1d1590c37dca924129664bd44fda av-styling- avia_animated_image av-animated-when-visible-95 bottom-to-top avia-align-center  avia-builder-el-7  el_before_av_textblock  avia-builder-el-first '   itemprop=\"image\" itemscope=\"itemscope\" itemtype=\"https:\/\/schema.org\/ImageObject\" ><div class=\"avia-image-container-inner\"><div class=\"avia-image-overlay-wrap\"><img decoding=\"async\" class='wp-image-881 avia-img-lazy-loading-not-881 avia_image ' src=\"https:\/\/seqse.net\/wp-content\/uploads\/2022\/07\/traducciones.jpg\" alt='' title='traducciones'  height=\"139\" width=\"180\"  itemprop=\"thumbnailUrl\"  \/><\/div><\/div><\/div><br \/>\n<section  class='av_textblock_section av-h6njm1-a513e88d7320ac128de5f19e57480d08'  itemscope=\"itemscope\" itemtype=\"https:\/\/schema.org\/CreativeWork\" ><div class='avia_textblock'  itemprop=\"text\" ><h4>TRADUCCIONS<\/h4>\n<p>Oferim serveis de <strong>traducci\u00f3 de documents i comunicacions<\/strong> d\u2019inter\u00e8s corporatiu. Per a m\u00e9s informaci\u00f3, no dubteu a posar-vos en contacte amb el centre.<\/p>\n<\/div><\/section><\/p><\/div><div class='flex_column av-g6zw6x-de7be67e1a5609bb5981276be6ce7d4e av_one_fifth  avia-builder-el-9  el_after_av_one_fifth  el_before_av_one_fifth  flex_column_div '     ><p>\n<style type=\"text\/css\" data-created_by=\"avia_inline_auto\" id=\"style-css-av-ef85l5-1224a66e897d444ff426bf3ae379f9ae\">\n.avia-image-container.av-ef85l5-1224a66e897d444ff426bf3ae379f9ae img.avia_image{\nbox-shadow:none;\n}\n.avia-image-container.av-ef85l5-1224a66e897d444ff426bf3ae379f9ae .av-image-caption-overlay-center{\ncolor:#ffffff;\n}\n<\/style>\n<div  class='avia-image-container av-ef85l5-1224a66e897d444ff426bf3ae379f9ae av-styling- avia_animated_image av-animated-when-visible-95 bottom-to-top avia-align-center  avia-builder-el-10  el_before_av_textblock  avia-builder-el-first '   itemprop=\"image\" itemscope=\"itemscope\" itemtype=\"https:\/\/schema.org\/ImageObject\" ><div class=\"avia-image-container-inner\"><div class=\"avia-image-overlay-wrap\"><img decoding=\"async\" class='wp-image-882 avia-img-lazy-loading-not-882 avia_image ' src=\"https:\/\/seqse.net\/wp-content\/uploads\/2022\/07\/biblioteca-videoteca.jpg\" alt='' title='biblioteca-videoteca'  height=\"139\" width=\"180\"  itemprop=\"thumbnailUrl\"  \/><\/div><\/div><\/div><br \/>\n<section  class='av_textblock_section av-1ajha1-df1b3d643e214e27485a4552bda64b62'  itemscope=\"itemscope\" itemtype=\"https:\/\/schema.org\/CreativeWork\" ><div class='avia_textblock'  itemprop=\"text\" ><h4>BIBLIOTECA \/ VIDEOTECA<\/h4>\n<p>Oferim servei de pr\u00e9stec de <strong>llibres i pel\u00b7l\u00edcules<\/strong> en diferents idiomes i <strong>graduades per nivells<\/strong>. Aquest servei \u00e9s <strong>gratu\u00eft<\/strong> i exclusiu per als alumnes matriculats al centre.<\/p>\n<\/div><\/section><\/p><\/div><div class='flex_column av-11cbzd-47a4719b92ab97ac099c61b384986545 av_one_fifth  avia-builder-el-12  el_after_av_one_fifth  el_before_av_one_fifth  flex_column_div '     ><p>\n<style type=\"text\/css\" data-created_by=\"avia_inline_auto\" id=\"style-css-av-9rt2a1-6c05d3af023fd64d4a9b06fc61f27d4b\">\n.avia-image-container.av-9rt2a1-6c05d3af023fd64d4a9b06fc61f27d4b img.avia_image{\nbox-shadow:none;\n}\n.avia-image-container.av-9rt2a1-6c05d3af023fd64d4a9b06fc61f27d4b .av-image-caption-overlay-center{\ncolor:#ffffff;\n}\n<\/style>\n<div  class='avia-image-container av-9rt2a1-6c05d3af023fd64d4a9b06fc61f27d4b av-styling- avia_animated_image av-animated-when-visible-95 bottom-to-top avia-align-center  avia-builder-el-13  el_before_av_textblock  avia-builder-el-first '   itemprop=\"image\" itemscope=\"itemscope\" itemtype=\"https:\/\/schema.org\/ImageObject\" ><div class=\"avia-image-container-inner\"><div class=\"avia-image-overlay-wrap\"><img decoding=\"async\" class='wp-image-883 avia-img-lazy-loading-not-883 avia_image ' src=\"https:\/\/seqse.net\/wp-content\/uploads\/2022\/07\/ciclos-temporales.jpg\" alt='' title='ciclos-temporales'  height=\"139\" width=\"180\"  itemprop=\"thumbnailUrl\"  \/><\/div><\/div><\/div><br \/>\n<section  class='av_textblock_section av-7zntk9-588de3002d7373509486f2b017d17a47'  itemscope=\"itemscope\" itemtype=\"https:\/\/schema.org\/CreativeWork\" ><div class='avia_textblock'  itemprop=\"text\" ><h4>CICLES TEMPORALS<\/h4>\n<p><strong>Cicles de cinema<\/strong> amb projecci\u00f3 de pel\u00b7l\u00edcules i debats, i <strong>cicles de converses en angl\u00e8s<\/strong> (english corner) i\/o alemany (stammtisch) amb trobades informals d\u2019alumnes, pares i professors per fomentar els idiomes fora de l\u2019aula.<\/p>\n<\/div><\/section><\/p><\/div><div class='flex_column av-5esewp-79106023da63d8a545960afffbc4183b av_one_fifth  avia-builder-el-15  el_after_av_one_fifth  avia-builder-el-last  flex_column_div '     ><p>\n<style type=\"text\/css\" data-created_by=\"avia_inline_auto\" id=\"style-css-av-41id61-74e4072424efbe584b4cfe3856913d89\">\n.avia-image-container.av-41id61-74e4072424efbe584b4cfe3856913d89 img.avia_image{\nbox-shadow:none;\n}\n.avia-image-container.av-41id61-74e4072424efbe584b4cfe3856913d89 .av-image-caption-overlay-center{\ncolor:#ffffff;\n}\n<\/style>\n<div  class='avia-image-container av-41id61-74e4072424efbe584b4cfe3856913d89 av-styling- avia_animated_image av-animated-when-visible-95 bottom-to-top avia-align-center  avia-builder-el-16  el_before_av_textblock  avia-builder-el-first '   itemprop=\"image\" itemscope=\"itemscope\" itemtype=\"https:\/\/schema.org\/ImageObject\" ><div class=\"avia-image-container-inner\"><div class=\"avia-image-overlay-wrap\"><img decoding=\"async\" class='wp-image-884 avia-img-lazy-loading-not-884 avia_image ' src=\"https:\/\/seqse.net\/wp-content\/uploads\/2022\/07\/fotocopiadora.jpg\" alt='' title='fotocopiadora'  height=\"139\" width=\"180\"  itemprop=\"thumbnailUrl\"  \/><\/div><\/div><\/div><br \/>\n<section  class='av_textblock_section av-2xgyqh-9ca194547fe26be04f6c3abe557f851c'  itemscope=\"itemscope\" itemtype=\"https:\/\/schema.org\/CreativeWork\" ><div class='avia_textblock'  itemprop=\"text\" ><h4>FOTOC\u00d2PIES<\/h4>\n<p>Oferim servei -de pagament- de <strong>fotoc\u00f2pies<\/strong> per a tots els alumnes.<\/p>\n<\/div><\/section><\/p><\/div>\n","protected":false},"excerpt":{"rendered":"","protected":false},"author":1,"featured_media":0,"parent":0,"menu_order":0,"comment_status":"closed","ping_status":"closed","template":"","meta":{"footnotes":""},"class_list":["post-1193","page","type-page","status-publish","hentry"],"translation":{"provider":"WPGlobus","version":"2.12.2","language":"ca","enabled_languages":["es","ca"],"languages":{"es":{"title":true,"content":true,"excerpt":false},"ca":{"title":false,"content":false,"excerpt":false}}},"_links":{"self":[{"href":"https:\/\/seqse.net\/ca\/wp-json\/wp\/v2\/pages\/1193","targetHints":{"allow":["GET"]}}],"collection":[{"href":"https:\/\/seqse.net\/ca\/wp-json\/wp\/v2\/pages"}],"about":[{"href":"https:\/\/seqse.net\/ca\/wp-json\/wp\/v2\/types\/page"}],"author":[{"embeddable":true,"href":"https:\/\/seqse.net\/ca\/wp-json\/wp\/v2\/users\/1"}],"replies":[{"embeddable":true,"href":"https:\/\/seqse.net\/ca\/wp-json\/wp\/v2\/comments?post=1193"}],"version-history":[{"count":2,"href":"https:\/\/seqse.net\/ca\/wp-json\/wp\/v2\/pages\/1193\/revisions"}],"predecessor-version":[{"id":1198,"href":"https:\/\/seqse.net\/ca\/wp-json\/wp\/v2\/pages\/1193\/revisions\/1198"}],"wp:attachment":[{"href":"https:\/\/seqse.net\/ca\/wp-json\/wp\/v2\/media?parent=1193"}],"curies":[{"name":"wp","href":"https:\/\/api.w.org\/{rel}","templated":true}]}}